{"id":240,"date":"2025-12-06T15:28:56","date_gmt":"2025-12-06T15:28:56","guid":{"rendered":"https:\/\/leniform.de\/?page_id=240"},"modified":"2026-03-06T17:04:16","modified_gmt":"2026-03-06T17:04:16","slug":"quiz2","status":"publish","type":"page","link":"https:\/\/leniform.de\/?page_id=240","title":{"rendered":"Quiz Stadtgeschichte M\u00fcnchen"},"content":{"rendered":"","protected":false},"excerpt":{"rendered":"","protected":false},"author":1,"featured_media":0,"parent":0,"menu_order":0,"comment_status":"closed","ping_status":"closed","template":"","meta":{"jetpack_post_was_ever_published":false,"footnotes":""},"class_list":["post-240","page","type-page","status-publish","hentry"],"jetpack_sharing_enabled":true,"jetpack_shortlink":"https:\/\/wp.me\/P93sQo-3S","jetpack-related-posts":[{"id":229,"url":"https:\/\/leniform.de\/?page_id=229","url_meta":{"origin":240,"position":0},"title":"Lernkarten M\u00fcnchen","author":"Tobiform","date":"Dezember 6, 2025","format":false,"excerpt":"","rel":"","context":"\u00c4hnlicher Beitrag","block_context":{"text":"\u00c4hnlicher Beitrag","link":""},"img":{"alt_text":"","src":"","width":0,"height":0},"classes":[]},{"id":269,"url":"https:\/\/leniform.de\/?page_id=269","url_meta":{"origin":240,"position":1},"title":"Lernspiel Mittelalter in M\u00fcnchen","author":"Tobiform","date":"Dezember 23, 2025","format":false,"excerpt":"","rel":"","context":"\u00c4hnlicher Beitrag","block_context":{"text":"\u00c4hnlicher Beitrag","link":""},"img":{"alt_text":"","src":"","width":0,"height":0},"classes":[]},{"id":304,"url":"https:\/\/leniform.de\/?page_id=304","url_meta":{"origin":240,"position":2},"title":"Bundesl\u00e4nder Quiz","author":"Tobiform","date":"Januar 15, 2026","format":false,"excerpt":"","rel":"","context":"\u00c4hnlicher Beitrag","block_context":{"text":"\u00c4hnlicher Beitrag","link":""},"img":{"alt_text":"","src":"","width":0,"height":0},"classes":[]}],"_links":{"self":[{"href":"https:\/\/leniform.de\/index.php?rest_route=\/wp\/v2\/pages\/240","targetHints":{"allow":["GET"]}}],"collection":[{"href":"https:\/\/leniform.de\/index.php?rest_route=\/wp\/v2\/pages"}],"about":[{"href":"https:\/\/leniform.de\/index.php?rest_route=\/wp\/v2\/types\/page"}],"author":[{"embeddable":true,"href":"https:\/\/leniform.de\/index.php?rest_route=\/wp\/v2\/users\/1"}],"replies":[{"embeddable":true,"href":"https:\/\/leniform.de\/index.php?rest_route=%2Fwp%2Fv2%2Fcomments&post=240"}],"version-history":[{"count":5,"href":"https:\/\/leniform.de\/index.php?rest_route=\/wp\/v2\/pages\/240\/revisions"}],"predecessor-version":[{"id":524,"href":"https:\/\/leniform.de\/index.php?rest_route=\/wp\/v2\/pages\/240\/revisions\/524"}],"wp:attachment":[{"href":"https:\/\/leniform.de\/index.php?rest_route=%2Fwp%2Fv2%2Fmedia&parent=240"}],"curies":[{"name":"wp","href":"https:\/\/api.w.org\/{rel}","templated":true}]}}