{"id":269,"date":"2025-12-23T15:53:07","date_gmt":"2025-12-23T15:53:07","guid":{"rendered":"https:\/\/leniform.de\/?page_id=269"},"modified":"2026-03-06T17:04:18","modified_gmt":"2026-03-06T17:04:18","slug":"lernspiel-mittelalter-in-muenchen","status":"publish","type":"page","link":"https:\/\/leniform.de\/?page_id=269","title":{"rendered":"Lernspiel Mittelalter in M\u00fcnchen"},"content":{"rendered":"","protected":false},"excerpt":{"rendered":"","protected":false},"author":1,"featured_media":0,"parent":0,"menu_order":0,"comment_status":"closed","ping_status":"closed","template":"","meta":{"jetpack_post_was_ever_published":false,"footnotes":""},"class_list":["post-269","page","type-page","status-publish","hentry"],"jetpack_sharing_enabled":true,"jetpack_shortlink":"https:\/\/wp.me\/P93sQo-4l","jetpack-related-posts":[{"id":229,"url":"https:\/\/leniform.de\/?page_id=229","url_meta":{"origin":269,"position":0},"title":"Lernkarten M\u00fcnchen","author":"Tobiform","date":"Dezember 6, 2025","format":false,"excerpt":"","rel":"","context":"\u00c4hnlicher Beitrag","block_context":{"text":"\u00c4hnlicher Beitrag","link":""},"img":{"alt_text":"","src":"","width":0,"height":0},"classes":[]},{"id":240,"url":"https:\/\/leniform.de\/?page_id=240","url_meta":{"origin":269,"position":1},"title":"Quiz Stadtgeschichte M\u00fcnchen","author":"Tobiform","date":"Dezember 6, 2025","format":false,"excerpt":"","rel":"","context":"\u00c4hnlicher Beitrag","block_context":{"text":"\u00c4hnlicher Beitrag","link":""},"img":{"alt_text":"","src":"","width":0,"height":0},"classes":[]}],"_links":{"self":[{"href":"https:\/\/leniform.de\/index.php?rest_route=\/wp\/v2\/pages\/269","targetHints":{"allow":["GET"]}}],"collection":[{"href":"https:\/\/leniform.de\/index.php?rest_route=\/wp\/v2\/pages"}],"about":[{"href":"https:\/\/leniform.de\/index.php?rest_route=\/wp\/v2\/types\/page"}],"author":[{"embeddable":true,"href":"https:\/\/leniform.de\/index.php?rest_route=\/wp\/v2\/users\/1"}],"replies":[{"embeddable":true,"href":"https:\/\/leniform.de\/index.php?rest_route=%2Fwp%2Fv2%2Fcomments&post=269"}],"version-history":[{"count":10,"href":"https:\/\/leniform.de\/index.php?rest_route=\/wp\/v2\/pages\/269\/revisions"}],"predecessor-version":[{"id":526,"href":"https:\/\/leniform.de\/index.php?rest_route=\/wp\/v2\/pages\/269\/revisions\/526"}],"wp:attachment":[{"href":"https:\/\/leniform.de\/index.php?rest_route=%2Fwp%2Fv2%2Fmedia&parent=269"}],"curies":[{"name":"wp","href":"https:\/\/api.w.org\/{rel}","templated":true}]}}