{"id":304,"date":"2026-01-15T16:08:12","date_gmt":"2026-01-15T16:08:12","guid":{"rendered":"https:\/\/leniform.de\/?page_id=304"},"modified":"2026-03-06T17:04:22","modified_gmt":"2026-03-06T17:04:22","slug":"bundeslaender-quiz","status":"publish","type":"page","link":"https:\/\/leniform.de\/?page_id=304","title":{"rendered":"Bundesl\u00e4nder Quiz"},"content":{"rendered":"","protected":false},"excerpt":{"rendered":"","protected":false},"author":1,"featured_media":0,"parent":0,"menu_order":0,"comment_status":"closed","ping_status":"closed","template":"","meta":{"jetpack_post_was_ever_published":false,"footnotes":""},"class_list":["post-304","page","type-page","status-publish","hentry"],"jetpack_sharing_enabled":true,"jetpack_shortlink":"https:\/\/wp.me\/P93sQo-4U","jetpack-related-posts":[{"id":245,"url":"https:\/\/leniform.de\/?page_id=245","url_meta":{"origin":304,"position":0},"title":"Lernkarten Bundesl\u00e4nder","author":"Tobiform","date":"Dezember 9, 2025","format":false,"excerpt":"","rel":"","context":"\u00c4hnlicher Beitrag","block_context":{"text":"\u00c4hnlicher Beitrag","link":""},"img":{"alt_text":"","src":"","width":0,"height":0},"classes":[]},{"id":240,"url":"https:\/\/leniform.de\/?page_id=240","url_meta":{"origin":304,"position":1},"title":"Quiz Stadtgeschichte M\u00fcnchen","author":"Tobiform","date":"Dezember 6, 2025","format":false,"excerpt":"","rel":"","context":"\u00c4hnlicher Beitrag","block_context":{"text":"\u00c4hnlicher Beitrag","link":""},"img":{"alt_text":"","src":"","width":0,"height":0},"classes":[]}],"_links":{"self":[{"href":"https:\/\/leniform.de\/index.php?rest_route=\/wp\/v2\/pages\/304","targetHints":{"allow":["GET"]}}],"collection":[{"href":"https:\/\/leniform.de\/index.php?rest_route=\/wp\/v2\/pages"}],"about":[{"href":"https:\/\/leniform.de\/index.php?rest_route=\/wp\/v2\/types\/page"}],"author":[{"embeddable":true,"href":"https:\/\/leniform.de\/index.php?rest_route=\/wp\/v2\/users\/1"}],"replies":[{"embeddable":true,"href":"https:\/\/leniform.de\/index.php?rest_route=%2Fwp%2Fv2%2Fcomments&post=304"}],"version-history":[{"count":9,"href":"https:\/\/leniform.de\/index.php?rest_route=\/wp\/v2\/pages\/304\/revisions"}],"predecessor-version":[{"id":529,"href":"https:\/\/leniform.de\/index.php?rest_route=\/wp\/v2\/pages\/304\/revisions\/529"}],"wp:attachment":[{"href":"https:\/\/leniform.de\/index.php?rest_route=%2Fwp%2Fv2%2Fmedia&parent=304"}],"curies":[{"name":"wp","href":"https:\/\/api.w.org\/{rel}","templated":true}]}}