{"id":456,"date":"2026-01-22T18:15:12","date_gmt":"2026-01-22T18:15:12","guid":{"rendered":"https:\/\/leniform.de\/?page_id=456"},"modified":"2026-03-06T17:04:26","modified_gmt":"2026-03-06T17:04:26","slug":"burgen-und-ritter","status":"publish","type":"page","link":"https:\/\/leniform.de\/?page_id=456","title":{"rendered":"Burgen und Ritter"},"content":{"rendered":"","protected":false},"excerpt":{"rendered":"","protected":false},"author":1,"featured_media":0,"parent":0,"menu_order":0,"comment_status":"closed","ping_status":"closed","template":"","meta":{"jetpack_post_was_ever_published":false,"footnotes":""},"class_list":["post-456","page","type-page","status-publish","hentry"],"jetpack_sharing_enabled":true,"jetpack_shortlink":"https:\/\/wp.me\/P93sQo-7m","jetpack-related-posts":[{"id":593,"url":"https:\/\/leniform.de\/?page_id=593","url_meta":{"origin":456,"position":0},"title":"Quader und W\u00fcrfelnetze","author":"Tobiform","date":"April 7, 2026","format":false,"excerpt":"","rel":"","context":"\u00c4hnlicher Beitrag","block_context":{"text":"\u00c4hnlicher Beitrag","link":""},"img":{"alt_text":"","src":"","width":0,"height":0},"classes":[]}],"_links":{"self":[{"href":"https:\/\/leniform.de\/index.php?rest_route=\/wp\/v2\/pages\/456","targetHints":{"allow":["GET"]}}],"collection":[{"href":"https:\/\/leniform.de\/index.php?rest_route=\/wp\/v2\/pages"}],"about":[{"href":"https:\/\/leniform.de\/index.php?rest_route=\/wp\/v2\/types\/page"}],"author":[{"embeddable":true,"href":"https:\/\/leniform.de\/index.php?rest_route=\/wp\/v2\/users\/1"}],"replies":[{"embeddable":true,"href":"https:\/\/leniform.de\/index.php?rest_route=%2Fwp%2Fv2%2Fcomments&post=456"}],"version-history":[{"count":7,"href":"https:\/\/leniform.de\/index.php?rest_route=\/wp\/v2\/pages\/456\/revisions"}],"predecessor-version":[{"id":533,"href":"https:\/\/leniform.de\/index.php?rest_route=\/wp\/v2\/pages\/456\/revisions\/533"}],"wp:attachment":[{"href":"https:\/\/leniform.de\/index.php?rest_route=%2Fwp%2Fv2%2Fmedia&parent=456"}],"curies":[{"name":"wp","href":"https:\/\/api.w.org\/{rel}","templated":true}]}}